{"id":42,"date":"2023-08-08T16:56:50","date_gmt":"2023-08-08T16:56:50","guid":{"rendered":"https:\/\/defiscalisant.com\/?page_id=42"},"modified":"2023-09-28T15:20:34","modified_gmt":"2023-09-28T15:20:34","slug":"konfidenczialnost","status":"publish","type":"page","link":"https:\/\/battlestory.org\/tr\/konfidenczialnost\/","title":{"rendered":"Mahremiyet"},"content":{"rendered":"<h2>Gizlilik Sayfam\u0131za Ho\u015f Geldiniz: \u201cEn Pop\u00fcler Chatroulette\u201d Platformunda \u00c7evrimi\u00e7i Deneyiminizi Korumak<\/h2>\n<p>\u201cEn Pop\u00fcler Chatroulette\u201d olarak, t\u00fcm kullan\u0131c\u0131lar\u0131m\u0131z i\u00e7in g\u00fcvenli, emniyetli ve \u00f6zel bir \u00e7evrimi\u00e7i ortam sa\u011flamaya kararl\u0131y\u0131z. Bu Gizlilik Sayfas\u0131, gizlili\u011finizi koruma ve toplad\u0131\u011f\u0131m\u0131z veriler, bunlar\u0131 nas\u0131l kulland\u0131\u011f\u0131m\u0131z ve en iyi sohbet odalar\u0131n\u0131 tek ba\u015f\u0131n\u0131za ke\u015ffederken bilgilerinizi korumak i\u00e7in ald\u0131\u011f\u0131m\u0131z \u00f6nlemler konusunda \u015feffafl\u0131k sa\u011flama konusundaki ba\u011fl\u0131l\u0131\u011f\u0131m\u0131z\u0131n bir kan\u0131t\u0131d\u0131r.<\/p>\n<p>&nbsp;<\/p>\n<p>1. <strong>Gizlili\u011finiz, \u00d6nceli\u011fimiz:<\/strong> Gizlili\u011finize sayg\u0131 duyuyoruz ve ki\u015fisel bilgilerinizi korumaya kararl\u0131y\u0131z. IP adresiniz, konumunuz veya cihaz bilgileriniz de dahil olmak \u00fczere toplanan t\u00fcm veriler yaln\u0131zca tarama deneyiminizi iyile\u015ftirmek i\u00e7in kullan\u0131l\u0131r ve kesinlikle gizli tutulur. Verilerinizin izniniz olmadan \u00fc\u00e7\u00fcnc\u00fc taraflarla payla\u015f\u0131lmayaca\u011f\u0131ndan emin olabilirsiniz.<\/p>\n<p>2. <strong>G\u00fcvenli Sohbet Ortam\u0131:<\/strong> Platformumuz, &quot;En Pop\u00fcler Chatroulette&quot;, \u00e7evrimi\u00e7i etkile\u015fimleriniz i\u00e7in g\u00fcvenli bir ortam\u0131 \u00f6nceliklendirir. Chatroulette, seks sohbeti, rastgele sohbet veya rastgele ki\u015filerle sohbet etseniz de, verilerinizi yetkisiz eri\u015fimden korumak ve g\u00fcvenli bir gezinme deneyimi sa\u011flamak i\u00e7in en son g\u00fcvenlik \u00f6nlemlerini kullan\u0131yoruz.<\/p>\n<p>3. <strong>Gizlilikten Taviz Yok:<\/strong> \u00d6zellikle m\u00fcstehcen sohbet ruleti ve rastgele yabanc\u0131larla pop\u00fcler seks sohbet odalar\u0131nda anonimli\u011fin \u00f6nemini anl\u0131yoruz. \u0130\u00e7iniz rahat olsun, gizlili\u011finizi tehlikeye atabilecek ki\u015fisel olarak tan\u0131mlanabilir bilgilere ihtiyac\u0131m\u0131z yok. Rahat hissetmedi\u011finiz kadar\u0131n\u0131 if\u015fa etmeden ilgin\u00e7 web sohbetlerinin ve s\u0131ra d\u0131\u015f\u0131 fl\u00f6rt deneyimlerinin tad\u0131n\u0131 \u00e7\u0131karabilirsiniz.<\/p>\n<p>4. <strong>Veri \u015eifreleme ve Depolama:<\/strong> Platformumuzda iletilen t\u00fcm veriler, g\u00fcvenli protokoller kullan\u0131larak \u015fifrelenir ve etkile\u015fimlerinize ek bir koruma katman\u0131 eklenir. Ayr\u0131ca, saklanan t\u00fcm veriler sunucular\u0131m\u0131zda g\u00fcvenli bir \u015fekilde muhafaza edilir ve veri depolama ve i\u015fleme konusunda sekt\u00f6r\u00fcn en iyi uygulamalar\u0131na uyulur.<\/p>\n<p>5. <strong>\u00c7erezler ve Analitik:<\/strong> Tarama deneyiminizi iyile\u015ftirmek i\u00e7in \u00e7erezler ve analiz ara\u00e7lar\u0131 kullanabiliriz. Bu teknolojiler, site trafi\u011fini analiz etmemize, i\u00e7eri\u011fi optimize etmemize ve reklamlar\u0131 ki\u015fiselle\u015ftirmemize yard\u0131mc\u0131 olur. Ancak, bu verileri sizi ki\u015fisel olarak tan\u0131mlamak i\u00e7in kullanmad\u0131\u011f\u0131m\u0131zdan emin olabilirsiniz.<\/p>\n<p>6. <strong>\u00dc\u00e7\u00fcnc\u00fc Taraf Ba\u011flant\u0131lar\u0131:<\/strong> Platformumuz \u00fc\u00e7\u00fcnc\u00fc taraf web sitelerine veya hizmetlerine ba\u011flant\u0131lar i\u00e7erebilir. Bu web sitelerinin gizlilik politikalar\u0131n\u0131 incelemenizi tavsiye ederiz, \u00e7\u00fcnk\u00fc uygulamalar\u0131ndan sorumlu de\u011filiz.<\/p>\n<p>&nbsp;<\/p>\n<p>Gizlili\u011finiz ve g\u00fcvenli\u011finiz bizim i\u00e7in son derece \u00f6nemlidir. Gizlilik uygulamalar\u0131m\u0131zla ilgili herhangi bir endi\u015feniz veya sorunuz varsa, l\u00fctfen bizimle ileti\u015fime ge\u00e7mekten \u00e7ekinmeyin.<\/p>","protected":false},"excerpt":{"rendered":"<p>Welcome to our Privacy Page: Safeguarding Your Online Experience on &#8220;The Most Popular Chatroulette&#8221; Platform At &#8220;The Most Popular Chatroulette,&#8221; we are committed to ensuring a safe, secure, and private <a href=\"https:\/\/battlestory.org\/tr\/konfidenczialnost\/\" class=\"read-more button-fancy -red\"><span class=\"btn-arrow\"><\/span><span class=\"twp-read-more text\">Devam\u0131n\u0131 oku<\/span><\/a><\/p>","protected":false},"author":1,"featured_media":0,"parent":0,"menu_order":0,"comment_status":"closed","ping_status":"closed","template":"","meta":{"footnotes":""},"class_list":["post-42","page","type-page","status-publish","hentry"],"yoast_head":"<!-- This site is optimized with the Yoast SEO plugin v20.13 - https:\/\/yoast.com\/wordpress\/plugins\/seo\/ -->\n<title>Privacy - Independent catalog<\/title>\n<meta name=\"robots\" content=\"index, follow, max-snippet:-1, max-image-preview:large, max-video-preview:-1\" \/>\n<link rel=\"canonical\" href=\"https:\/\/battlestory.org\/tr\/konfidenczialnost\/\" \/>\n<meta property=\"og:locale\" content=\"tr_TR\" \/>\n<meta property=\"og:type\" content=\"article\" \/>\n<meta property=\"og:title\" content=\"Privacy - Independent catalog\" \/>\n<meta property=\"og:description\" content=\"Welcome to our Privacy Page: Safeguarding Your Online Experience on &#8220;The Most Popular Chatroulette&#8221; Platform At &#8220;The Most Popular Chatroulette,&#8221; we are committed to ensuring a safe, secure, and private Read More\" \/>\n<meta property=\"og:url\" content=\"https:\/\/battlestory.org\/tr\/konfidenczialnost\/\" \/>\n<meta property=\"og:site_name\" content=\"Independent catalog\" \/>\n<meta property=\"article:modified_time\" content=\"2023-09-28T15:20:34+00:00\" \/>\n<meta name=\"twitter:card\" content=\"summary_large_image\" \/>\n<meta name=\"twitter:label1\" content=\"Tahmini okuma s\u00fcresi\" \/>\n\t<meta name=\"twitter:data1\" content=\"2 dakika\" \/>\n<script type=\"application\/ld+json\" class=\"yoast-schema-graph\">{\"@context\":\"https:\/\/schema.org\",\"@graph\":[{\"@type\":\"WebPage\",\"@id\":\"https:\/\/battlestory.org\/konfidenczialnost\/\",\"url\":\"https:\/\/battlestory.org\/konfidenczialnost\/\",\"name\":\"Privacy - Independent catalog\",\"isPartOf\":{\"@id\":\"https:\/\/battlestory.org\/#website\"},\"datePublished\":\"2023-08-08T16:56:50+00:00\",\"dateModified\":\"2023-09-28T15:20:34+00:00\",\"breadcrumb\":{\"@id\":\"https:\/\/battlestory.org\/konfidenczialnost\/#breadcrumb\"},\"inLanguage\":\"tr\",\"potentialAction\":[{\"@type\":\"ReadAction\",\"target\":[\"https:\/\/battlestory.org\/konfidenczialnost\/\"]}]},{\"@type\":\"BreadcrumbList\",\"@id\":\"https:\/\/battlestory.org\/konfidenczialnost\/#breadcrumb\",\"itemListElement\":[{\"@type\":\"ListItem\",\"position\":1,\"name\":\"\u0413\u043b\u0430\u0432\u043d\u0430\u044f \u0441\u0442\u0440\u0430\u043d\u0438\u0446\u0430\",\"item\":\"https:\/\/battlestory.org\/\"},{\"@type\":\"ListItem\",\"position\":2,\"name\":\"Privacy\"}]},{\"@type\":\"WebSite\",\"@id\":\"https:\/\/battlestory.org\/#website\",\"url\":\"https:\/\/battlestory.org\/\",\"name\":\"Independent catalog\",\"description\":\"Best adult catalog of the most popular sex video chats and chatroulettes on the Internet.  At BattleStory, we&#039;ve curated the finest selection of chat roulette experiences for those who like to take control of their own destiny. Dive into a wide array of blogs, articles, and even groundbreaking scientific publications that delve deep into the world of online chatting.\",\"publisher\":{\"@id\":\"https:\/\/battlestory.org\/#organization\"},\"potentialAction\":[{\"@type\":\"SearchAction\",\"target\":{\"@type\":\"EntryPoint\",\"urlTemplate\":\"https:\/\/battlestory.org\/?s={search_term_string}\"},\"query-input\":\"required name=search_term_string\"}],\"inLanguage\":\"tr\"},{\"@type\":\"Organization\",\"@id\":\"https:\/\/battlestory.org\/#organization\",\"name\":\"Independent catalog\",\"url\":\"https:\/\/battlestory.org\/\",\"logo\":{\"@type\":\"ImageObject\",\"inLanguage\":\"tr\",\"@id\":\"https:\/\/battlestory.org\/#\/schema\/logo\/image\/\",\"url\":\"https:\/\/battlestory.org\/wp-content\/uploads\/2023\/08\/logo-1.png\",\"contentUrl\":\"https:\/\/battlestory.org\/wp-content\/uploads\/2023\/08\/logo-1.png\",\"width\":220,\"height\":27,\"caption\":\"Independent catalog\"},\"image\":{\"@id\":\"https:\/\/battlestory.org\/#\/schema\/logo\/image\/\"}}]}<\/script>\n<!-- \/ Yoast SEO plugin. -->","yoast_head_json":{"title":"Privacy - Independent catalog","robots":{"index":"index","follow":"follow","max-snippet":"max-snippet:-1","max-image-preview":"max-image-preview:large","max-video-preview":"max-video-preview:-1"},"canonical":"https:\/\/battlestory.org\/tr\/konfidenczialnost\/","og_locale":"tr_TR","og_type":"article","og_title":"Privacy - Independent catalog","og_description":"Welcome to our Privacy Page: Safeguarding Your Online Experience on &#8220;The Most Popular Chatroulette&#8221; Platform At &#8220;The Most Popular Chatroulette,&#8221; we are committed to ensuring a safe, secure, and private Read More","og_url":"https:\/\/battlestory.org\/tr\/konfidenczialnost\/","og_site_name":"Independent catalog","article_modified_time":"2023-09-28T15:20:34+00:00","twitter_card":"summary_large_image","twitter_misc":{"Tahmini okuma s\u00fcresi":"2 dakika"},"schema":{"@context":"https:\/\/schema.org","@graph":[{"@type":"WebPage","@id":"https:\/\/battlestory.org\/konfidenczialnost\/","url":"https:\/\/battlestory.org\/konfidenczialnost\/","name":"Privacy - Independent catalog","isPartOf":{"@id":"https:\/\/battlestory.org\/#website"},"datePublished":"2023-08-08T16:56:50+00:00","dateModified":"2023-09-28T15:20:34+00:00","breadcrumb":{"@id":"https:\/\/battlestory.org\/konfidenczialnost\/#breadcrumb"},"inLanguage":"tr","potentialAction":[{"@type":"ReadAction","target":["https:\/\/battlestory.org\/konfidenczialnost\/"]}]},{"@type":"BreadcrumbList","@id":"https:\/\/battlestory.org\/konfidenczialnost\/#breadcrumb","itemListElement":[{"@type":"ListItem","position":1,"name":"\u0413\u043b\u0430\u0432\u043d\u0430\u044f \u0441\u0442\u0440\u0430\u043d\u0438\u0446\u0430","item":"https:\/\/battlestory.org\/"},{"@type":"ListItem","position":2,"name":"Privacy"}]},{"@type":"WebSite","@id":"https:\/\/battlestory.org\/#website","url":"https:\/\/battlestory.org\/","name":"Independent catalog","description":"Best adult catalog of the most popular sex video chats and chatroulettes on the Internet.  At BattleStory, we&#039;ve curated the finest selection of chat roulette experiences for those who like to take control of their own destiny. Dive into a wide array of blogs, articles, and even groundbreaking scientific publications that delve deep into the world of online chatting.","publisher":{"@id":"https:\/\/battlestory.org\/#organization"},"potentialAction":[{"@type":"SearchAction","target":{"@type":"EntryPoint","urlTemplate":"https:\/\/battlestory.org\/?s={search_term_string}"},"query-input":"required name=search_term_string"}],"inLanguage":"tr"},{"@type":"Organization","@id":"https:\/\/battlestory.org\/#organization","name":"Independent catalog","url":"https:\/\/battlestory.org\/","logo":{"@type":"ImageObject","inLanguage":"tr","@id":"https:\/\/battlestory.org\/#\/schema\/logo\/image\/","url":"https:\/\/battlestory.org\/wp-content\/uploads\/2023\/08\/logo-1.png","contentUrl":"https:\/\/battlestory.org\/wp-content\/uploads\/2023\/08\/logo-1.png","width":220,"height":27,"caption":"Independent catalog"},"image":{"@id":"https:\/\/battlestory.org\/#\/schema\/logo\/image\/"}}]}},"_links":{"self":[{"href":"https:\/\/battlestory.org\/tr\/wp-json\/wp\/v2\/pages\/42","targetHints":{"allow":["GET"]}}],"collection":[{"href":"https:\/\/battlestory.org\/tr\/wp-json\/wp\/v2\/pages"}],"about":[{"href":"https:\/\/battlestory.org\/tr\/wp-json\/wp\/v2\/types\/page"}],"author":[{"embeddable":true,"href":"https:\/\/battlestory.org\/tr\/wp-json\/wp\/v2\/users\/1"}],"replies":[{"embeddable":true,"href":"https:\/\/battlestory.org\/tr\/wp-json\/wp\/v2\/comments?post=42"}],"version-history":[{"count":3,"href":"https:\/\/battlestory.org\/tr\/wp-json\/wp\/v2\/pages\/42\/revisions"}],"predecessor-version":[{"id":185,"href":"https:\/\/battlestory.org\/tr\/wp-json\/wp\/v2\/pages\/42\/revisions\/185"}],"wp:attachment":[{"href":"https:\/\/battlestory.org\/tr\/wp-json\/wp\/v2\/media?parent=42"}],"curies":[{"name":"wp","href":"https:\/\/api.w.org\/{rel}","templated":true}]}}